{"id":986,"date":"2023-01-10T18:21:31","date_gmt":"2023-01-10T17:21:31","guid":{"rendered":"https:\/\/www.lipsounds.com\/?page_id=986"},"modified":"2025-03-13T14:11:37","modified_gmt":"2025-03-13T13:11:37","slug":"formation","status":"publish","type":"page","link":"https:\/\/www.lipsounds.com\/index.php\/formation\/","title":{"rendered":"F o r m a t i o n"},"content":{"rendered":"<h2>Les formations<\/h2>\n<p style=\"text-align: center;\">Composer de la musique pour l&rsquo;image, comme pour des films, des s\u00e9ries t\u00e9l\u00e9vis\u00e9es ou des documentaires, n\u00e9cessite des comp\u00e9tences en composition ainsi qu&rsquo;une bonne capacit\u00e9 d&rsquo;\u00e9coute. Cela implique de cr\u00e9er un lien entre l&rsquo;image et la musique, de travailler en collaboration avec des r\u00e9alisateurs, des producteurs et des commanditaires pour mettre son art au service de l&rsquo;histoire.<\/p>\n<p style=\"text-align: center;\">Il est important de poss\u00e9der des comp\u00e9tences musicales, techniques, m\u00e9thodologiques ainsi qu&rsquo;une bonne connaissance en audiovisuel&nbsp; pour cr\u00e9er des oeuvres musicales adapt\u00e9es \u00e0 l&rsquo;image dans tous les contextes (publicitaires, cin\u00e9matographiques, documentaires, etc.)<\/p>\n<p>\t\t\t\t\t\t\t\t\t\t\t\t<img decoding=\"async\" width=\"720\" height=\"480\" src=\"https:\/\/www.lipsounds.com\/wp-content\/uploads\/2018\/07\/IMG_7331-1024x683.jpg\" alt=\"\" loading=\"lazy\" srcset=\"https:\/\/www.lipsounds.com\/wp-content\/uploads\/2018\/07\/IMG_7331-1024x683.jpg 1024w, https:\/\/www.lipsounds.com\/wp-content\/uploads\/2018\/07\/IMG_7331-300x200.jpg 300w, https:\/\/www.lipsounds.com\/wp-content\/uploads\/2018\/07\/IMG_7331-768x512.jpg 768w\" sizes=\"(max-width: 720px) 100vw, 720px\"><\/p>\n<p>Nous proposons des cours pour les d\u00e9butants et les professionnels exp\u00e9riment\u00e9s dans l&rsquo;utilisation des outils informatiques pour la cr\u00e9ation audio et vid\u00e9o musicale. Nous enseignons l&rsquo;utilisation des logiciels de r\u00e9f\u00e9rence tels qu&rsquo;Ableton Live et Logic Pro. En plus de l&rsquo;audio, nous offrons des cours sur le montage et la post-production vid\u00e9o avec des logiciels tels que Premiere Pro et After Effects.<\/p>\n<div class=\"audiotheme-embed\"><iframe loading=\"lazy\" title=\"SD  teaser Lipsounds\" width=\"720\" height=\"405\" src=\"https:\/\/www.youtube.com\/embed\/R8-hcTN51_k?feature=oembed\" frameborder=\"0\" allow=\"accelerometer; autoplay; clipboard-write; encrypted-media; gyroscope; picture-in-picture; web-share\" referrerpolicy=\"strict-origin-when-cross-origin\" allowfullscreen><\/iframe><\/div>\n<p>Nous proposons des formations qui peuvent \u00eatre adapt\u00e9es aux demandes particuli\u00e8res de nos clients. N&rsquo;h\u00e9sitez pas \u00e0 nous contacter pour obtenir des d\u00e9tails suppl\u00e9mentaires.<\/p>\n<p><a href=\"https:\/\/www.lipsounds.com\/index.php\/contact\/\">c o n t a c t<\/a><\/p>\n","protected":false},"excerpt":{"rendered":"<p>Les formations Composer de la musique pour l&rsquo;image, comme pour des films, des s\u00e9ries t\u00e9l\u00e9vis\u00e9es ou des documentaires, n\u00e9cessite des comp\u00e9tences en composition ainsi qu&rsquo;une bonne capacit\u00e9 d&rsquo;\u00e9coute. Cela implique de cr\u00e9er un lien entre l&rsquo;image et la musique, de travailler en collaboration avec des r\u00e9alisateurs, des producteurs et des commanditaires pour mettre son art [&hellip;]<\/p>\n","protected":false},"author":1,"featured_media":0,"parent":0,"menu_order":0,"comment_status":"closed","ping_status":"closed","template":"","meta":{"_mi_skip_tracking":false,"_themeisle_gutenberg_block_has_review":false},"_links":{"self":[{"href":"https:\/\/www.lipsounds.com\/index.php\/wp-json\/wp\/v2\/pages\/986"}],"collection":[{"href":"https:\/\/www.lipsounds.com\/index.php\/wp-json\/wp\/v2\/pages"}],"about":[{"href":"https:\/\/www.lipsounds.com\/index.php\/wp-json\/wp\/v2\/types\/page"}],"author":[{"embeddable":true,"href":"https:\/\/www.lipsounds.com\/index.php\/wp-json\/wp\/v2\/users\/1"}],"replies":[{"embeddable":true,"href":"https:\/\/www.lipsounds.com\/index.php\/wp-json\/wp\/v2\/comments?post=986"}],"version-history":[{"count":27,"href":"https:\/\/www.lipsounds.com\/index.php\/wp-json\/wp\/v2\/pages\/986\/revisions"}],"predecessor-version":[{"id":1324,"href":"https:\/\/www.lipsounds.com\/index.php\/wp-json\/wp\/v2\/pages\/986\/revisions\/1324"}],"wp:attachment":[{"href":"https:\/\/www.lipsounds.com\/index.php\/wp-json\/wp\/v2\/media?parent=986"}],"curies":[{"name":"wp","href":"https:\/\/api.w.org\/{rel}","templated":true}]}}