{"id":2,"date":"2018-06-18T18:43:26","date_gmt":"2018-06-18T16:43:26","guid":{"rendered":"http:\/\/lipsounds.com\/?page_id=2"},"modified":"2023-01-15T19:58:14","modified_gmt":"2023-01-15T18:58:14","slug":"page-d-exemple","status":"publish","type":"page","link":"https:\/\/www.lipsounds.com\/","title":{"rendered":"Page d\u2019exemple"},"content":{"rendered":"\t\t<div data-elementor-type=\"wp-page\" data-elementor-id=\"2\" class=\"elementor elementor-2\">\n\t\t\t\t\t\t<div class=\"elementor-inner\">\n\t\t\t\t<div class=\"elementor-section-wrap\">\n\t\t\t\t\t\t\t\t\t<section class=\"elementor-section elementor-top-section elementor-element elementor-element-4718730a elementor-section-stretched elementor-section-boxed elementor-section-height-default elementor-section-height-default\" data-id=\"4718730a\" data-element_type=\"section\" data-settings=\"{&quot;stretch_section&quot;:&quot;section-stretched&quot;}\">\n\t\t\t\t\t\t<div class=\"elementor-container elementor-column-gap-default\">\n\t\t\t\t\t\t\t<div class=\"elementor-row\">\n\t\t\t\t\t<div class=\"elementor-column elementor-col-100 elementor-top-column elementor-element elementor-element-1b2145d0\" data-id=\"1b2145d0\" data-element_type=\"column\">\n\t\t\t<div class=\"elementor-column-wrap elementor-element-populated\">\n\t\t\t\t\t\t\t<div class=\"elementor-widget-wrap\">\n\t\t\t\t\t\t<div class=\"elementor-element elementor-element-6debef8 elementor-widget elementor-widget-text-editor\" data-id=\"6debef8\" data-element_type=\"widget\" data-widget_type=\"text-editor.default\">\n\t\t\t\t<div class=\"elementor-widget-container\">\n\t\t\t\t\t\t\t\t<div class=\"elementor-text-editor elementor-clearfix\">\n\t\t\t\t<h2 style=\"line-height: 1.61111; margin-top: 0.888889em; margin-bottom: 0.888889em; text-align: center;\">Lipsounds est une entreprise de production musicale proposant une vari\u00e9t\u00e9 de services pour les artistes et les musiciens, y compris l&rsquo;enregistrement, le mixage, la masterisation, la composition, l&rsquo;arrangement de chansons, la r\u00e9alisation de vid\u00e9o et le graphisme. En plus de ces services, Lipsounds offre \u00e9galement des conseils artistiques et des opportunit\u00e9s de formation pour ceux qui cherchent \u00e0 am\u00e9liorer leurs comp\u00e9tences et \u00e0 d\u00e9velopper leur carri\u00e8re musicale.<\/h2><div><div><div><div><div><div><h6>\u00a0<\/h6><\/div><\/div><\/div><\/div><\/div><\/div>\t\t\t\t\t<\/div>\n\t\t\t\t\t\t<\/div>\n\t\t\t\t<\/div>\n\t\t\t\t<div class=\"elementor-element elementor-element-15a5362 elementor-absolute elementor-widget-divider--view-line elementor-widget elementor-widget-divider\" data-id=\"15a5362\" data-element_type=\"widget\" data-settings=\"{&quot;_position&quot;:&quot;absolute&quot;}\" data-widget_type=\"divider.default\">\n\t\t\t\t<div class=\"elementor-widget-container\">\n\t\t\t\t\t<div class=\"elementor-divider\">\n\t\t\t<span class=\"elementor-divider-separator\">\n\t\t\t\t\t\t<\/span>\n\t\t<\/div>\n\t\t\t\t<\/div>\n\t\t\t\t<\/div>\n\t\t\t\t\t\t<\/div>\n\t\t\t\t\t<\/div>\n\t\t<\/div>\n\t\t\t\t\t\t\t\t<\/div>\n\t\t\t\t\t<\/div>\n\t\t<\/section>\n\t\t\t\t<section class=\"elementor-section elementor-top-section elementor-element elementor-element-fb74225 elementor-section-full_width elementor-section-height-default elementor-section-height-default\" data-id=\"fb74225\" data-element_type=\"section\">\n\t\t\t\t\t\t<div class=\"elementor-container elementor-column-gap-default\">\n\t\t\t\t\t\t\t<div class=\"elementor-row\">\n\t\t\t\t\t<div class=\"elementor-column elementor-col-100 elementor-top-column elementor-element elementor-element-2d24dc1\" data-id=\"2d24dc1\" data-element_type=\"column\">\n\t\t\t<div class=\"elementor-column-wrap elementor-element-populated\">\n\t\t\t\t\t\t\t<div class=\"elementor-widget-wrap\">\n\t\t\t\t\t\t<div class=\"elementor-element elementor-element-25287de elementor-widget elementor-widget-text-editor\" data-id=\"25287de\" data-element_type=\"widget\" data-widget_type=\"text-editor.default\">\n\t\t\t\t<div class=\"elementor-widget-container\">\n\t\t\t\t\t\t\t\t<div class=\"elementor-text-editor elementor-clearfix\">\n\t\t\t\t<h3 style=\"line-height: 1.61111; margin-top: 0.888889em; margin-bottom: 0.888889em; text-transform: lowercase; text-align: center;\"><span style=\"font-weight: normal;\">Situ\u00e9 en Normandie, \u00e0 1h30 de Paris. Le studio est install\u00e9 dans un cadre reposant, au bord de la Seine, et il est id\u00e9al pour les musiciens \u00e0 la recherche de tranquillit\u00e9 et d&rsquo;inspiration. Le studio est bien \u00e9quip\u00e9 et offre une atmosph\u00e8re conviviale pour la cr\u00e9ation de musique et de vid\u00e9o.<\/span><\/h3>\t\t\t\t\t<\/div>\n\t\t\t\t\t\t<\/div>\n\t\t\t\t<\/div>\n\t\t\t\t\t\t<\/div>\n\t\t\t\t\t<\/div>\n\t\t<\/div>\n\t\t\t\t\t\t\t\t<\/div>\n\t\t\t\t\t<\/div>\n\t\t<\/section>\n\t\t\t\t\t\t\t\t\t<\/div>\n\t\t\t<\/div>\n\t\t\t\t\t<\/div>\n\t\t","protected":false},"excerpt":{"rendered":"<p>Lipsounds est une entreprise de production musicale proposant une vari\u00e9t\u00e9 de services pour les artistes et les musiciens, y compris l&rsquo;enregistrement, le mixage, la masterisation, la composition, l&rsquo;arrangement de chansons, la r\u00e9alisation de vid\u00e9o et le graphisme. En plus de ces services, Lipsounds offre \u00e9galement des conseils artistiques et des opportunit\u00e9s de formation pour ceux [&hellip;]<\/p>\n","protected":false},"author":1,"featured_media":32,"parent":82,"menu_order":0,"comment_status":"closed","ping_status":"open","template":"","meta":{"_mi_skip_tracking":false,"_themeisle_gutenberg_block_has_review":false},"_links":{"self":[{"href":"https:\/\/www.lipsounds.com\/index.php\/wp-json\/wp\/v2\/pages\/2"}],"collection":[{"href":"https:\/\/www.lipsounds.com\/index.php\/wp-json\/wp\/v2\/pages"}],"about":[{"href":"https:\/\/www.lipsounds.com\/index.php\/wp-json\/wp\/v2\/types\/page"}],"author":[{"embeddable":true,"href":"https:\/\/www.lipsounds.com\/index.php\/wp-json\/wp\/v2\/users\/1"}],"replies":[{"embeddable":true,"href":"https:\/\/www.lipsounds.com\/index.php\/wp-json\/wp\/v2\/comments?post=2"}],"version-history":[{"count":138,"href":"https:\/\/www.lipsounds.com\/index.php\/wp-json\/wp\/v2\/pages\/2\/revisions"}],"predecessor-version":[{"id":1259,"href":"https:\/\/www.lipsounds.com\/index.php\/wp-json\/wp\/v2\/pages\/2\/revisions\/1259"}],"up":[{"embeddable":true,"href":"https:\/\/www.lipsounds.com\/index.php\/wp-json\/wp\/v2\/pages\/82"}],"wp:featuredmedia":[{"embeddable":true,"href":"https:\/\/www.lipsounds.com\/index.php\/wp-json\/wp\/v2\/media\/32"}],"wp:attachment":[{"href":"https:\/\/www.lipsounds.com\/index.php\/wp-json\/wp\/v2\/media?parent=2"}],"curies":[{"name":"wp","href":"https:\/\/api.w.org\/{rel}","templated":true}]}}